{"id":18709,"date":"2024-04-29T20:18:12","date_gmt":"2024-04-29T20:18:12","guid":{"rendered":"https:\/\/veton.be\/?page_id=18709"},"modified":"2025-10-14T20:41:01","modified_gmt":"2025-10-14T20:41:01","slug":"apparence-fonctionnement","status":"publish","type":"page","link":"https:\/\/veton.be\/fr\/apparence-fonctionnement\/","title":{"rendered":"Apparence &#038; fonctionnement"},"content":{"rendered":"","protected":false},"excerpt":{"rendered":"","protected":false},"author":1,"featured_media":0,"parent":0,"menu_order":0,"comment_status":"closed","ping_status":"closed","template":"page-templates\/alternating_content.php","meta":{"_acf_changed":false,"inline_featured_image":false,"footnotes":""},"class_list":["post-18709","page","type-page","status-publish","hentry"],"acf":[],"yoast_head":"<!-- This site is optimized with the Yoast SEO plugin v27.3 - https:\/\/yoast.com\/product\/yoast-seo-wordpress\/ -->\n<title>Apparence &amp; fonctionnement - Veton\u00ae - Recharges VE au design exclusif<\/title>\n<meta name=\"description\" content=\"Structure solide. Finitions soign\u00e9es. \u00c9lectronique haut de gamme.C\u2019est ce qui fait des bornes Veton\u00ae des \u0153uvres \u00e9l\u00e9gantes et durables.\" \/>\n<meta name=\"robots\" content=\"index, follow, max-snippet:-1, max-image-preview:large, max-video-preview:-1\" \/>\n<link rel=\"canonical\" href=\"https:\/\/veton.be\/fr\/apparence-fonctionnement\/\" \/>\n<meta property=\"og:locale\" content=\"fr_FR\" \/>\n<meta property=\"og:type\" content=\"article\" \/>\n<meta property=\"og:title\" content=\"Veton\u00ae\" \/>\n<meta property=\"og:description\" content=\"Structure solide. Finitions soign\u00e9es. \u00c9lectronique haut de gamme.C\u2019est ce qui fait des bornes Veton\u00ae des \u0153uvres \u00e9l\u00e9gantes et durables.\" \/>\n<meta property=\"og:url\" content=\"https:\/\/veton.be\/fr\/apparence-fonctionnement\/\" \/>\n<meta property=\"og:site_name\" content=\"Veton\u00ae\" \/>\n<meta property=\"article:publisher\" content=\"https:\/\/www.facebook.com\/vetonEV\" \/>\n<meta property=\"article:modified_time\" content=\"2025-10-14T20:41:01+00:00\" \/>\n<meta name=\"twitter:card\" content=\"summary_large_image\" \/>\n<meta name=\"twitter:label1\" content=\"Dur\u00e9e de lecture estim\u00e9e\" \/>\n\t<meta name=\"twitter:data1\" content=\"3 minutes\" \/>\n<script type=\"application\/ld+json\" class=\"yoast-schema-graph\">{\"@context\":\"https:\\\/\\\/schema.org\",\"@graph\":[{\"@type\":\"WebPage\",\"@id\":\"https:\\\/\\\/veton.be\\\/fr\\\/apparence-fonctionnement\\\/\",\"url\":\"https:\\\/\\\/veton.be\\\/fr\\\/apparence-fonctionnement\\\/\",\"name\":\"Apparence & fonctionnement - Veton\u00ae - Recharges VE au design exclusif\",\"isPartOf\":{\"@id\":\"https:\\\/\\\/veton.be\\\/fr\\\/#website\"},\"datePublished\":\"2024-04-29T20:18:12+00:00\",\"dateModified\":\"2025-10-14T20:41:01+00:00\",\"description\":\"Structure solide. Finitions soign\u00e9es. \u00c9lectronique haut de gamme.C\u2019est ce qui fait des bornes Veton\u00ae des \u0153uvres \u00e9l\u00e9gantes et durables.\",\"inLanguage\":\"fr-FR\",\"potentialAction\":[{\"@type\":\"ReadAction\",\"target\":[\"https:\\\/\\\/veton.be\\\/fr\\\/apparence-fonctionnement\\\/\"]}]},{\"@type\":\"WebSite\",\"@id\":\"https:\\\/\\\/veton.be\\\/fr\\\/#website\",\"url\":\"https:\\\/\\\/veton.be\\\/fr\\\/\",\"name\":\"Veton\u00ae\",\"description\":\"Charging masterpieces\",\"potentialAction\":[{\"@type\":\"SearchAction\",\"target\":{\"@type\":\"EntryPoint\",\"urlTemplate\":\"https:\\\/\\\/veton.be\\\/fr\\\/?s={search_term_string}\"},\"query-input\":{\"@type\":\"PropertyValueSpecification\",\"valueRequired\":true,\"valueName\":\"search_term_string\"}}],\"inLanguage\":\"fr-FR\"}]}<\/script>\n<!-- \/ Yoast SEO plugin. -->","yoast_head_json":{"title":"Apparence & fonctionnement - Veton\u00ae - Recharges VE au design exclusif","description":"Structure solide. Finitions soign\u00e9es. \u00c9lectronique haut de gamme.C\u2019est ce qui fait des bornes Veton\u00ae des \u0153uvres \u00e9l\u00e9gantes et durables.","robots":{"index":"index","follow":"follow","max-snippet":"max-snippet:-1","max-image-preview":"max-image-preview:large","max-video-preview":"max-video-preview:-1"},"canonical":"https:\/\/veton.be\/fr\/apparence-fonctionnement\/","og_locale":"fr_FR","og_type":"article","og_title":"Veton\u00ae","og_description":"Structure solide. Finitions soign\u00e9es. \u00c9lectronique haut de gamme.C\u2019est ce qui fait des bornes Veton\u00ae des \u0153uvres \u00e9l\u00e9gantes et durables.","og_url":"https:\/\/veton.be\/fr\/apparence-fonctionnement\/","og_site_name":"Veton\u00ae","article_publisher":"https:\/\/www.facebook.com\/vetonEV","article_modified_time":"2025-10-14T20:41:01+00:00","twitter_card":"summary_large_image","twitter_misc":{"Dur\u00e9e de lecture estim\u00e9e":"3 minutes"},"schema":{"@context":"https:\/\/schema.org","@graph":[{"@type":"WebPage","@id":"https:\/\/veton.be\/fr\/apparence-fonctionnement\/","url":"https:\/\/veton.be\/fr\/apparence-fonctionnement\/","name":"Apparence & fonctionnement - Veton\u00ae - Recharges VE au design exclusif","isPartOf":{"@id":"https:\/\/veton.be\/fr\/#website"},"datePublished":"2024-04-29T20:18:12+00:00","dateModified":"2025-10-14T20:41:01+00:00","description":"Structure solide. Finitions soign\u00e9es. \u00c9lectronique haut de gamme.C\u2019est ce qui fait des bornes Veton\u00ae des \u0153uvres \u00e9l\u00e9gantes et durables.","inLanguage":"fr-FR","potentialAction":[{"@type":"ReadAction","target":["https:\/\/veton.be\/fr\/apparence-fonctionnement\/"]}]},{"@type":"WebSite","@id":"https:\/\/veton.be\/fr\/#website","url":"https:\/\/veton.be\/fr\/","name":"Veton\u00ae","description":"Charging masterpieces","potentialAction":[{"@type":"SearchAction","target":{"@type":"EntryPoint","urlTemplate":"https:\/\/veton.be\/fr\/?s={search_term_string}"},"query-input":{"@type":"PropertyValueSpecification","valueRequired":true,"valueName":"search_term_string"}}],"inLanguage":"fr-FR"}]}},"_links":{"self":[{"href":"https:\/\/veton.be\/fr\/wp-json\/wp\/v2\/pages\/18709","targetHints":{"allow":["GET"]}}],"collection":[{"href":"https:\/\/veton.be\/fr\/wp-json\/wp\/v2\/pages"}],"about":[{"href":"https:\/\/veton.be\/fr\/wp-json\/wp\/v2\/types\/page"}],"author":[{"embeddable":true,"href":"https:\/\/veton.be\/fr\/wp-json\/wp\/v2\/users\/1"}],"replies":[{"embeddable":true,"href":"https:\/\/veton.be\/fr\/wp-json\/wp\/v2\/comments?post=18709"}],"version-history":[{"count":6,"href":"https:\/\/veton.be\/fr\/wp-json\/wp\/v2\/pages\/18709\/revisions"}],"predecessor-version":[{"id":18718,"href":"https:\/\/veton.be\/fr\/wp-json\/wp\/v2\/pages\/18709\/revisions\/18718"}],"wp:attachment":[{"href":"https:\/\/veton.be\/fr\/wp-json\/wp\/v2\/media?parent=18709"}],"curies":[{"name":"wp","href":"https:\/\/api.w.org\/{rel}","templated":true}]}}