{"id":18745,"date":"2024-04-22T10:33:03","date_gmt":"2024-04-22T10:33:03","guid":{"rendered":"https:\/\/veton.be\/?page_id=18745"},"modified":"2025-10-15T08:14:10","modified_gmt":"2025-10-15T08:14:10","slug":"entreprise","status":"publish","type":"page","link":"https:\/\/veton.be\/fr\/entreprise\/","title":{"rendered":"Entreprise"},"content":{"rendered":"","protected":false},"excerpt":{"rendered":"","protected":false},"author":1,"featured_media":0,"parent":0,"menu_order":0,"comment_status":"closed","ping_status":"closed","template":"page-templates\/enterprise.php","meta":{"_acf_changed":false,"inline_featured_image":false,"footnotes":""},"class_list":["post-18745","page","type-page","status-publish","hentry"],"acf":[],"yoast_head":"<!-- This site is optimized with the Yoast SEO plugin v27.3 - https:\/\/yoast.com\/product\/yoast-seo-wordpress\/ -->\n<title>Entreprise - Veton\u00ae - Recharges VE au design exclusif<\/title>\n<meta name=\"description\" content=\"Gr\u00e2ce \u00e0 leur conception robuste et \u00e0 leur contr\u00f4le centralis\u00e9, les bornes Veton\u00ae sont id\u00e9ales pour les installations plus grandes.\" \/>\n<meta name=\"robots\" content=\"index, follow, max-snippet:-1, max-image-preview:large, max-video-preview:-1\" \/>\n<link rel=\"canonical\" href=\"https:\/\/veton.be\/fr\/entreprise\/\" \/>\n<meta property=\"og:locale\" content=\"fr_FR\" \/>\n<meta property=\"og:type\" content=\"article\" \/>\n<meta property=\"og:title\" content=\"Veton\u00ae\" \/>\n<meta property=\"og:description\" content=\"Gr\u00e2ce \u00e0 leur conception robuste et \u00e0 leur contr\u00f4le centralis\u00e9, les bornes Veton\u00ae sont id\u00e9ales pour les installations plus grandes.\" \/>\n<meta property=\"og:url\" content=\"https:\/\/veton.be\/fr\/entreprise\/\" \/>\n<meta property=\"og:site_name\" content=\"Veton\u00ae\" \/>\n<meta property=\"article:publisher\" content=\"https:\/\/www.facebook.com\/vetonEV\" \/>\n<meta property=\"article:modified_time\" content=\"2025-10-15T08:14:10+00:00\" \/>\n<meta name=\"twitter:card\" content=\"summary_large_image\" \/>\n<meta name=\"twitter:label1\" content=\"Dur\u00e9e de lecture estim\u00e9e\" \/>\n\t<meta name=\"twitter:data1\" content=\"7 minutes\" \/>\n<script type=\"application\/ld+json\" class=\"yoast-schema-graph\">{\"@context\":\"https:\\\/\\\/schema.org\",\"@graph\":[{\"@type\":\"WebPage\",\"@id\":\"https:\\\/\\\/veton.be\\\/fr\\\/entreprise\\\/\",\"url\":\"https:\\\/\\\/veton.be\\\/fr\\\/entreprise\\\/\",\"name\":\"Entreprise - Veton\u00ae - Recharges VE au design exclusif\",\"isPartOf\":{\"@id\":\"https:\\\/\\\/veton.be\\\/fr\\\/#website\"},\"datePublished\":\"2024-04-22T10:33:03+00:00\",\"dateModified\":\"2025-10-15T08:14:10+00:00\",\"description\":\"Gr\u00e2ce \u00e0 leur conception robuste et \u00e0 leur contr\u00f4le centralis\u00e9, les bornes Veton\u00ae sont id\u00e9ales pour les installations plus grandes.\",\"inLanguage\":\"fr-FR\",\"potentialAction\":[{\"@type\":\"ReadAction\",\"target\":[\"https:\\\/\\\/veton.be\\\/fr\\\/entreprise\\\/\"]}]},{\"@type\":\"WebSite\",\"@id\":\"https:\\\/\\\/veton.be\\\/fr\\\/#website\",\"url\":\"https:\\\/\\\/veton.be\\\/fr\\\/\",\"name\":\"Veton\u00ae\",\"description\":\"Charging masterpieces\",\"potentialAction\":[{\"@type\":\"SearchAction\",\"target\":{\"@type\":\"EntryPoint\",\"urlTemplate\":\"https:\\\/\\\/veton.be\\\/fr\\\/?s={search_term_string}\"},\"query-input\":{\"@type\":\"PropertyValueSpecification\",\"valueRequired\":true,\"valueName\":\"search_term_string\"}}],\"inLanguage\":\"fr-FR\"}]}<\/script>\n<!-- \/ Yoast SEO plugin. -->","yoast_head_json":{"title":"Entreprise - Veton\u00ae - Recharges VE au design exclusif","description":"Gr\u00e2ce \u00e0 leur conception robuste et \u00e0 leur contr\u00f4le centralis\u00e9, les bornes Veton\u00ae sont id\u00e9ales pour les installations plus grandes.","robots":{"index":"index","follow":"follow","max-snippet":"max-snippet:-1","max-image-preview":"max-image-preview:large","max-video-preview":"max-video-preview:-1"},"canonical":"https:\/\/veton.be\/fr\/entreprise\/","og_locale":"fr_FR","og_type":"article","og_title":"Veton\u00ae","og_description":"Gr\u00e2ce \u00e0 leur conception robuste et \u00e0 leur contr\u00f4le centralis\u00e9, les bornes Veton\u00ae sont id\u00e9ales pour les installations plus grandes.","og_url":"https:\/\/veton.be\/fr\/entreprise\/","og_site_name":"Veton\u00ae","article_publisher":"https:\/\/www.facebook.com\/vetonEV","article_modified_time":"2025-10-15T08:14:10+00:00","twitter_card":"summary_large_image","twitter_misc":{"Dur\u00e9e de lecture estim\u00e9e":"7 minutes"},"schema":{"@context":"https:\/\/schema.org","@graph":[{"@type":"WebPage","@id":"https:\/\/veton.be\/fr\/entreprise\/","url":"https:\/\/veton.be\/fr\/entreprise\/","name":"Entreprise - Veton\u00ae - Recharges VE au design exclusif","isPartOf":{"@id":"https:\/\/veton.be\/fr\/#website"},"datePublished":"2024-04-22T10:33:03+00:00","dateModified":"2025-10-15T08:14:10+00:00","description":"Gr\u00e2ce \u00e0 leur conception robuste et \u00e0 leur contr\u00f4le centralis\u00e9, les bornes Veton\u00ae sont id\u00e9ales pour les installations plus grandes.","inLanguage":"fr-FR","potentialAction":[{"@type":"ReadAction","target":["https:\/\/veton.be\/fr\/entreprise\/"]}]},{"@type":"WebSite","@id":"https:\/\/veton.be\/fr\/#website","url":"https:\/\/veton.be\/fr\/","name":"Veton\u00ae","description":"Charging masterpieces","potentialAction":[{"@type":"SearchAction","target":{"@type":"EntryPoint","urlTemplate":"https:\/\/veton.be\/fr\/?s={search_term_string}"},"query-input":{"@type":"PropertyValueSpecification","valueRequired":true,"valueName":"search_term_string"}}],"inLanguage":"fr-FR"}]}},"_links":{"self":[{"href":"https:\/\/veton.be\/fr\/wp-json\/wp\/v2\/pages\/18745","targetHints":{"allow":["GET"]}}],"collection":[{"href":"https:\/\/veton.be\/fr\/wp-json\/wp\/v2\/pages"}],"about":[{"href":"https:\/\/veton.be\/fr\/wp-json\/wp\/v2\/types\/page"}],"author":[{"embeddable":true,"href":"https:\/\/veton.be\/fr\/wp-json\/wp\/v2\/users\/1"}],"replies":[{"embeddable":true,"href":"https:\/\/veton.be\/fr\/wp-json\/wp\/v2\/comments?post=18745"}],"version-history":[{"count":2,"href":"https:\/\/veton.be\/fr\/wp-json\/wp\/v2\/pages\/18745\/revisions"}],"predecessor-version":[{"id":19307,"href":"https:\/\/veton.be\/fr\/wp-json\/wp\/v2\/pages\/18745\/revisions\/19307"}],"wp:attachment":[{"href":"https:\/\/veton.be\/fr\/wp-json\/wp\/v2\/media?parent=18745"}],"curies":[{"name":"wp","href":"https:\/\/api.w.org\/{rel}","templated":true}]}}