{"id":19717,"date":"2026-05-02T10:05:42","date_gmt":"2026-05-02T10:05:42","guid":{"rendered":"https:\/\/veton.be\/equilibrage-de-charge\/"},"modified":"2026-05-02T10:13:50","modified_gmt":"2026-05-02T10:13:50","slug":"equilibrage-de-charge","status":"publish","type":"page","link":"https:\/\/veton.be\/fr\/faq\/equilibrage-de-charge\/","title":{"rendered":"FAQ \u00e9quilibrage de charge"},"content":{"rendered":"\n<h1 class=\"wp-block-heading\">FAQ \u00e9quilibrage de charge<\/h1>\n\n\n\n<p>L&#8217;\u00e9quilibrage de charge permet \u00e0 une borne d&#8217;utiliser la capacit\u00e9 \u00e9lectrique disponible sans surcharger le raccordement du b\u00e2timent. Il est particuli\u00e8rement pertinent pour les habitations \u00e9quip\u00e9es d&#8217;une pompe \u00e0 chaleur, de panneaux solaires, d&#8217;une batterie domestique ou de plusieurs points de recharge.<\/p>\n\n\n\n<h2 class=\"wp-block-heading\">Questions cl\u00e9s<\/h2>\n\n\n\n<h3 class=\"wp-block-heading\">Qu&#8217;est-ce que l&#8217;\u00e9quilibrage de charge dynamique ?<\/h3>\n\n\n\n<p>L&#8217;\u00e9quilibrage de charge dynamique ajuste la puissance de recharge en fonction de la consommation \u00e9lectrique r\u00e9elle du b\u00e2timent. Lorsque d&#8217;autres appareils ont besoin de plus de capacit\u00e9, la recharge ralentit. Lorsque de la capacit\u00e9 est disponible, la recharge peut \u00e0 nouveau augmenter.<\/p>\n\n\n\n<h3 class=\"wp-block-heading\">Quand ai-je besoin d&#8217;\u00e9quilibrage de charge ?<\/h3>\n\n\n\n<p>L&#8217;\u00e9quilibrage de charge est recommand\u00e9 lorsque le raccordement disponible est limit\u00e9, lorsque plusieurs bornes sont install\u00e9es, ou lorsque le b\u00e2timent utilise \u00e9galement des syst\u00e8mes \u00e0 forte consommation tels que pompes \u00e0 chaleur, HVAC, cuisines, ateliers ou syst\u00e8mes de batterie.<\/p>\n\n\n\n<h3 class=\"wp-block-heading\">L&#8217;\u00e9quilibrage de charge a-t-il une importance pour le design ?<\/h3>\n\n\n\n<p>Oui. Dans les projets premium, le meilleur r\u00e9sultat est \u00e0 la fois visuellement calme et techniquement stable. Planifier l&#8217;\u00e9quilibrage de charge t\u00f4t \u00e9vite les ajouts visibles ult\u00e9rieurs, une infrastructure surdimensionn\u00e9e ou des compromis dans le placement de la borne.<\/p>\n\n\n\n<h3 class=\"wp-block-heading\">Quels syst\u00e8mes d&#8217;\u00e9quilibrage de charge Veton prend-il en charge ?<\/h3>\n\n\n\n<p>Veton prend en charge l&#8217;\u00e9quilibrage de charge statique en standard et l&#8217;\u00e9quilibrage de charge dynamique via des compteurs externes et des syst\u00e8mes de gestion d&#8217;\u00e9nergie. Le contr\u00f4leur de recharge sous-jacent est la s\u00e9rie Phoenix Contact CHARX, compatible OCPP, qui s&#8217;int\u00e8gre avec des contr\u00f4leurs sensibles au r\u00e9seau comme Xemex SCC et avec des plateformes de gestion d&#8217;\u00e9nergie comme Qbus Luqas, Niko Home Control et LifePowr FlexiO. Pour les projets plus importants, jusqu&#8217;\u00e0 48 points de recharge Veton peuvent \u00eatre pilot\u00e9s en un seul groupe centralis\u00e9, avec la possibilit\u00e9 de plusieurs groupes.<\/p>\n\n\n\n<p>Voir aussi <a href=\"\/fr\/load-balancing-energy-management\/\">\u00e9quilibrage de charge &amp; gestion de l&#8217;\u00e9nergie<\/a> et la <a href=\"\/fr\/faq\/installation-borne-recharge\/\">FAQ installation borne de recharge<\/a>.<\/p>\n\n\n","protected":false},"excerpt":{"rendered":"<p>FAQ \u00e9quilibrage de charge L&#8217;\u00e9quilibrage de charge permet \u00e0 une borne d&#8217;utiliser la capacit\u00e9 \u00e9lectrique disponible sans surcharger le raccordement du b\u00e2timent. Il est particuli\u00e8rement pertinent pour les habitations \u00e9quip\u00e9es d&#8217;une pompe \u00e0 chaleur, de panneaux solaires, d&#8217;une batterie domestique ou de plusieurs points de recharge. Questions cl\u00e9s Qu&#8217;est-ce que l&#8217;\u00e9quilibrage de charge dynamique ? [&hellip;]<\/p>\n","protected":false},"author":0,"featured_media":0,"parent":19680,"menu_order":0,"comment_status":"closed","ping_status":"closed","template":"page-templates\/design-content.php","meta":{"_acf_changed":false,"inline_featured_image":false,"footnotes":""},"class_list":["post-19717","page","type-page","status-publish","hentry"],"acf":[],"yoast_head":"<!-- This site is optimized with the Yoast SEO plugin v27.3 - https:\/\/yoast.com\/product\/yoast-seo-wordpress\/ -->\n<title>FAQ \u00e9quilibrage de charge - Veton\u00ae<\/title>\n<meta name=\"robots\" content=\"index, follow, max-snippet:-1, max-image-preview:large, max-video-preview:-1\" \/>\n<link rel=\"canonical\" href=\"https:\/\/veton.be\/fr\/faq\/equilibrage-de-charge\/\" \/>\n<meta property=\"og:locale\" content=\"fr_FR\" \/>\n<meta property=\"og:type\" content=\"article\" \/>\n<meta property=\"og:title\" content=\"Veton\u00ae\" \/>\n<meta property=\"og:description\" content=\"FAQ \u00e9quilibrage de charge L&#8217;\u00e9quilibrage de charge permet \u00e0 une borne d&#8217;utiliser la capacit\u00e9 \u00e9lectrique disponible sans surcharger le raccordement du b\u00e2timent. Il est particuli\u00e8rement pertinent pour les habitations \u00e9quip\u00e9es d&#8217;une pompe \u00e0 chaleur, de panneaux solaires, d&#8217;une batterie domestique ou de plusieurs points de recharge. Questions cl\u00e9s Qu&#8217;est-ce que l&#8217;\u00e9quilibrage de charge dynamique ? [&hellip;]\" \/>\n<meta property=\"og:url\" content=\"https:\/\/veton.be\/fr\/faq\/equilibrage-de-charge\/\" \/>\n<meta property=\"og:site_name\" content=\"Veton\u00ae\" \/>\n<meta property=\"article:publisher\" content=\"https:\/\/www.facebook.com\/vetonEV\" \/>\n<meta property=\"article:modified_time\" content=\"2026-05-02T10:13:50+00:00\" \/>\n<meta name=\"twitter:card\" content=\"summary_large_image\" \/>\n<meta name=\"twitter:label1\" content=\"Dur\u00e9e de lecture estim\u00e9e\" \/>\n\t<meta name=\"twitter:data1\" content=\"2 minutes\" \/>\n<script type=\"application\/ld+json\" class=\"yoast-schema-graph\">{\"@context\":\"https:\\\/\\\/schema.org\",\"@graph\":[{\"@type\":\"WebPage\",\"@id\":\"https:\\\/\\\/veton.be\\\/fr\\\/faq\\\/equilibrage-de-charge\\\/\",\"url\":\"https:\\\/\\\/veton.be\\\/fr\\\/faq\\\/equilibrage-de-charge\\\/\",\"name\":\"FAQ \u00e9quilibrage de charge - Veton\u00ae\",\"isPartOf\":{\"@id\":\"https:\\\/\\\/veton.be\\\/fr\\\/#website\"},\"datePublished\":\"2026-05-02T10:05:42+00:00\",\"dateModified\":\"2026-05-02T10:13:50+00:00\",\"breadcrumb\":{\"@id\":\"https:\\\/\\\/veton.be\\\/fr\\\/faq\\\/equilibrage-de-charge\\\/#breadcrumb\"},\"inLanguage\":\"fr-FR\",\"potentialAction\":[{\"@type\":\"ReadAction\",\"target\":[\"https:\\\/\\\/veton.be\\\/fr\\\/faq\\\/equilibrage-de-charge\\\/\"]}]},{\"@type\":\"BreadcrumbList\",\"@id\":\"https:\\\/\\\/veton.be\\\/fr\\\/faq\\\/equilibrage-de-charge\\\/#breadcrumb\",\"itemListElement\":[{\"@type\":\"ListItem\",\"position\":1,\"name\":\"FAQ\",\"item\":\"https:\\\/\\\/veton.be\\\/fr\\\/faq-2\\\/\"},{\"@type\":\"ListItem\",\"position\":2,\"name\":\"FAQ \u00e9quilibrage de charge\"}]},{\"@type\":\"WebSite\",\"@id\":\"https:\\\/\\\/veton.be\\\/fr\\\/#website\",\"url\":\"https:\\\/\\\/veton.be\\\/fr\\\/\",\"name\":\"Veton\u00ae\",\"description\":\"Charging masterpieces\",\"potentialAction\":[{\"@type\":\"SearchAction\",\"target\":{\"@type\":\"EntryPoint\",\"urlTemplate\":\"https:\\\/\\\/veton.be\\\/fr\\\/?s={search_term_string}\"},\"query-input\":{\"@type\":\"PropertyValueSpecification\",\"valueRequired\":true,\"valueName\":\"search_term_string\"}}],\"inLanguage\":\"fr-FR\"}]}<\/script>\n<!-- \/ Yoast SEO plugin. -->","yoast_head_json":{"title":"FAQ \u00e9quilibrage de charge - Veton\u00ae","robots":{"index":"index","follow":"follow","max-snippet":"max-snippet:-1","max-image-preview":"max-image-preview:large","max-video-preview":"max-video-preview:-1"},"canonical":"https:\/\/veton.be\/fr\/faq\/equilibrage-de-charge\/","og_locale":"fr_FR","og_type":"article","og_title":"Veton\u00ae","og_description":"FAQ \u00e9quilibrage de charge L&#8217;\u00e9quilibrage de charge permet \u00e0 une borne d&#8217;utiliser la capacit\u00e9 \u00e9lectrique disponible sans surcharger le raccordement du b\u00e2timent. Il est particuli\u00e8rement pertinent pour les habitations \u00e9quip\u00e9es d&#8217;une pompe \u00e0 chaleur, de panneaux solaires, d&#8217;une batterie domestique ou de plusieurs points de recharge. Questions cl\u00e9s Qu&#8217;est-ce que l&#8217;\u00e9quilibrage de charge dynamique ? [&hellip;]","og_url":"https:\/\/veton.be\/fr\/faq\/equilibrage-de-charge\/","og_site_name":"Veton\u00ae","article_publisher":"https:\/\/www.facebook.com\/vetonEV","article_modified_time":"2026-05-02T10:13:50+00:00","twitter_card":"summary_large_image","twitter_misc":{"Dur\u00e9e de lecture estim\u00e9e":"2 minutes"},"schema":{"@context":"https:\/\/schema.org","@graph":[{"@type":"WebPage","@id":"https:\/\/veton.be\/fr\/faq\/equilibrage-de-charge\/","url":"https:\/\/veton.be\/fr\/faq\/equilibrage-de-charge\/","name":"FAQ \u00e9quilibrage de charge - Veton\u00ae","isPartOf":{"@id":"https:\/\/veton.be\/fr\/#website"},"datePublished":"2026-05-02T10:05:42+00:00","dateModified":"2026-05-02T10:13:50+00:00","breadcrumb":{"@id":"https:\/\/veton.be\/fr\/faq\/equilibrage-de-charge\/#breadcrumb"},"inLanguage":"fr-FR","potentialAction":[{"@type":"ReadAction","target":["https:\/\/veton.be\/fr\/faq\/equilibrage-de-charge\/"]}]},{"@type":"BreadcrumbList","@id":"https:\/\/veton.be\/fr\/faq\/equilibrage-de-charge\/#breadcrumb","itemListElement":[{"@type":"ListItem","position":1,"name":"FAQ","item":"https:\/\/veton.be\/fr\/faq-2\/"},{"@type":"ListItem","position":2,"name":"FAQ \u00e9quilibrage de charge"}]},{"@type":"WebSite","@id":"https:\/\/veton.be\/fr\/#website","url":"https:\/\/veton.be\/fr\/","name":"Veton\u00ae","description":"Charging masterpieces","potentialAction":[{"@type":"SearchAction","target":{"@type":"EntryPoint","urlTemplate":"https:\/\/veton.be\/fr\/?s={search_term_string}"},"query-input":{"@type":"PropertyValueSpecification","valueRequired":true,"valueName":"search_term_string"}}],"inLanguage":"fr-FR"}]}},"_links":{"self":[{"href":"https:\/\/veton.be\/fr\/wp-json\/wp\/v2\/pages\/19717","targetHints":{"allow":["GET"]}}],"collection":[{"href":"https:\/\/veton.be\/fr\/wp-json\/wp\/v2\/pages"}],"about":[{"href":"https:\/\/veton.be\/fr\/wp-json\/wp\/v2\/types\/page"}],"replies":[{"embeddable":true,"href":"https:\/\/veton.be\/fr\/wp-json\/wp\/v2\/comments?post=19717"}],"version-history":[{"count":1,"href":"https:\/\/veton.be\/fr\/wp-json\/wp\/v2\/pages\/19717\/revisions"}],"predecessor-version":[{"id":19768,"href":"https:\/\/veton.be\/fr\/wp-json\/wp\/v2\/pages\/19717\/revisions\/19768"}],"up":[{"embeddable":true,"href":"https:\/\/veton.be\/fr\/wp-json\/wp\/v2\/pages\/19680"}],"wp:attachment":[{"href":"https:\/\/veton.be\/fr\/wp-json\/wp\/v2\/media?parent=19717"}],"curies":[{"name":"wp","href":"https:\/\/api.w.org\/{rel}","templated":true}]}}